{"id":3138,"date":"2023-03-22T11:22:05","date_gmt":"2023-03-22T15:22:05","guid":{"rendered":"https:\/\/iogo.ca\/en\/?page_id=3138"},"modified":"2023-08-23T15:11:29","modified_gmt":"2023-08-23T19:11:29","slug":"where-to-buy","status":"publish","type":"page","link":"https:\/\/iogo.ca\/en\/where-to-buy\/","title":{"rendered":"Where to Buy"},"content":{"rendered":"<h2>Looking for your favourite snack? Find our delicious i\u00d6GO and i\u00d6GO nan\u00f6 yogurts with our product locator. The fun is only a few stores away!<\/h2>\n<p>Use our product locator below to help you find retailers near you that carry i\u00d6GO products. If you can\u2019t locate i\u00d6GO products at your preferred store, kindly approach the store manager and ask them to consider adding i\u00d6GO products to their inventory.<\/p>\n","protected":false},"excerpt":{"rendered":"<p>Looking for your favourite snack? Find our delicious i\u00d6GO and i\u00d6GO nan\u00f6 yogurts with our product locator. The fun is only a few stores away! Use our product locator below to help you find retailers near you that carry i\u00d6GO products. If you can\u2019t locate i\u00d6GO products at your preferred store, kindly approach the store [&hellip;]<\/p>\n","protected":false},"author":30,"featured_media":0,"parent":0,"menu_order":0,"comment_status":"closed","ping_status":"closed","template":"pages\/where-to-buy.php","meta":{"inline_featured_image":false},"acf":[],"yoast_head":"<!-- This site is optimized with the Yoast SEO plugin v18.4.1 - https:\/\/yoast.com\/wordpress\/plugins\/seo\/ -->\n<title>Where to Buy - I\u00d6GO<\/title>\n<meta name=\"robots\" content=\"noindex, nofollow\" \/>\n<meta property=\"og:locale\" content=\"en_US\" \/>\n<meta property=\"og:type\" content=\"article\" \/>\n<meta property=\"og:title\" content=\"Where to Buy - I\u00d6GO\" \/>\n<meta property=\"og:description\" content=\"Looking for your favourite snack? Find our delicious i\u00d6GO and i\u00d6GO nan\u00f6 yogurts with our product locator. The fun is only a few stores away! Use our product locator below to help you find retailers near you that carry i\u00d6GO products. If you can\u2019t locate i\u00d6GO products at your preferred store, kindly approach the store [&hellip;]\" \/>\n<meta property=\"og:url\" content=\"https:\/\/iogo.ca\/en\/where-to-buy\/\" \/>\n<meta property=\"og:site_name\" content=\"I\u00d6GO\" \/>\n<meta property=\"article:modified_time\" content=\"2023-08-23T19:11:29+00:00\" \/>\n<meta name=\"twitter:card\" content=\"summary_large_image\" \/>\n<script type=\"application\/ld+json\" class=\"yoast-schema-graph\">{\"@context\":\"https:\/\/schema.org\",\"@graph\":[{\"@type\":\"WebSite\",\"@id\":\"https:\/\/iogo.ca\/en\/#website\",\"url\":\"https:\/\/iogo.ca\/en\/\",\"name\":\"I\u00d6GO\",\"description\":\"We feed your true nature with the largest variety of yogurts, flavours and sizes in Canada\",\"potentialAction\":[{\"@type\":\"SearchAction\",\"target\":{\"@type\":\"EntryPoint\",\"urlTemplate\":\"https:\/\/iogo.ca\/en\/?s={search_term_string}\"},\"query-input\":\"required name=search_term_string\"}],\"inLanguage\":\"en-US\"},{\"@type\":\"WebPage\",\"@id\":\"https:\/\/iogo.ca\/en\/where-to-buy\/#webpage\",\"url\":\"https:\/\/iogo.ca\/en\/where-to-buy\/\",\"name\":\"Where to Buy - I\u00d6GO\",\"isPartOf\":{\"@id\":\"https:\/\/iogo.ca\/en\/#website\"},\"datePublished\":\"2023-03-22T15:22:05+00:00\",\"dateModified\":\"2023-08-23T19:11:29+00:00\",\"breadcrumb\":{\"@id\":\"https:\/\/iogo.ca\/en\/where-to-buy\/#breadcrumb\"},\"inLanguage\":\"en-US\",\"potentialAction\":[{\"@type\":\"ReadAction\",\"target\":[\"https:\/\/iogo.ca\/en\/where-to-buy\/\"]}]},{\"@type\":\"BreadcrumbList\",\"@id\":\"https:\/\/iogo.ca\/en\/where-to-buy\/#breadcrumb\",\"itemListElement\":[{\"@type\":\"ListItem\",\"position\":1,\"name\":\"Where to Buy\"}]}]}<\/script>\n<!-- \/ Yoast SEO plugin. -->","yoast_head_json":{"title":"Where to Buy - I\u00d6GO","robots":{"index":"noindex","follow":"nofollow"},"og_locale":"en_US","og_type":"article","og_title":"Where to Buy - I\u00d6GO","og_description":"Looking for your favourite snack? Find our delicious i\u00d6GO and i\u00d6GO nan\u00f6 yogurts with our product locator. The fun is only a few stores away! Use our product locator below to help you find retailers near you that carry i\u00d6GO products. If you can\u2019t locate i\u00d6GO products at your preferred store, kindly approach the store [&hellip;]","og_url":"https:\/\/iogo.ca\/en\/where-to-buy\/","og_site_name":"I\u00d6GO","article_modified_time":"2023-08-23T19:11:29+00:00","twitter_card":"summary_large_image","schema":{"@context":"https:\/\/schema.org","@graph":[{"@type":"WebSite","@id":"https:\/\/iogo.ca\/en\/#website","url":"https:\/\/iogo.ca\/en\/","name":"I\u00d6GO","description":"We feed your true nature with the largest variety of yogurts, flavours and sizes in Canada","potentialAction":[{"@type":"SearchAction","target":{"@type":"EntryPoint","urlTemplate":"https:\/\/iogo.ca\/en\/?s={search_term_string}"},"query-input":"required name=search_term_string"}],"inLanguage":"en-US"},{"@type":"WebPage","@id":"https:\/\/iogo.ca\/en\/where-to-buy\/#webpage","url":"https:\/\/iogo.ca\/en\/where-to-buy\/","name":"Where to Buy - I\u00d6GO","isPartOf":{"@id":"https:\/\/iogo.ca\/en\/#website"},"datePublished":"2023-03-22T15:22:05+00:00","dateModified":"2023-08-23T19:11:29+00:00","breadcrumb":{"@id":"https:\/\/iogo.ca\/en\/where-to-buy\/#breadcrumb"},"inLanguage":"en-US","potentialAction":[{"@type":"ReadAction","target":["https:\/\/iogo.ca\/en\/where-to-buy\/"]}]},{"@type":"BreadcrumbList","@id":"https:\/\/iogo.ca\/en\/where-to-buy\/#breadcrumb","itemListElement":[{"@type":"ListItem","position":1,"name":"Where to Buy"}]}]}},"_links":{"self":[{"href":"https:\/\/iogo.ca\/en\/wp-json\/wp\/v2\/pages\/3138"}],"collection":[{"href":"https:\/\/iogo.ca\/en\/wp-json\/wp\/v2\/pages"}],"about":[{"href":"https:\/\/iogo.ca\/en\/wp-json\/wp\/v2\/types\/page"}],"author":[{"embeddable":true,"href":"https:\/\/iogo.ca\/en\/wp-json\/wp\/v2\/users\/30"}],"replies":[{"embeddable":true,"href":"https:\/\/iogo.ca\/en\/wp-json\/wp\/v2\/comments?post=3138"}],"version-history":[{"count":16,"href":"https:\/\/iogo.ca\/en\/wp-json\/wp\/v2\/pages\/3138\/revisions"}],"predecessor-version":[{"id":3296,"href":"https:\/\/iogo.ca\/en\/wp-json\/wp\/v2\/pages\/3138\/revisions\/3296"}],"wp:attachment":[{"href":"https:\/\/iogo.ca\/en\/wp-json\/wp\/v2\/media?parent=3138"}],"curies":[{"name":"wp","href":"https:\/\/api.w.org\/{rel}","templated":true}]}}